{"id":23521,"date":"2025-10-13T03:04:33","date_gmt":"2025-10-13T03:04:33","guid":{"rendered":"https:\/\/magnoliarealtyandrentals.com.mx\/blog\/"},"modified":"2025-12-02T22:45:16","modified_gmt":"2025-12-02T22:45:16","slug":"blog","status":"publish","type":"page","link":"https:\/\/magnoliarealtyandrentals.com.mx\/es\/blog\/","title":{"rendered":"Blog"},"content":{"rendered":"\t\t<div data-elementor-type=\"page\" data-elementor-id=\"23521\" class=\"elementor elementor-23521 elementor-318\">\n\t\t\t\t\t\t<section class=\"elementor-section elementor-top-section elementor-element elementor-element-14f01b3f elementor-section-stretched elementor-section-full_width elementor-section-height-default elementor-section-height-default\" data-id=\"14f01b3f\" data-element_type=\"section\" data-e-type=\"section\" data-settings=\"{&quot;stretch_section&quot;:&quot;section-stretched&quot;,&quot;background_background&quot;:&quot;classic&quot;}\">\n\t\t\t\t\t\t\t<div class=\"elementor-background-overlay\"><\/div>\n\t\t\t\t\t\t\t<div class=\"elementor-container elementor-column-gap-default\">\n\t\t\t\t\t<div class=\"elementor-column elementor-col-100 elementor-top-column elementor-element elementor-element-100ab6ec\" data-id=\"100ab6ec\" data-element_type=\"column\" data-e-type=\"column\">\n\t\t\t<div class=\"elementor-widget-wrap elementor-element-populated\">\n\t\t\t\t\t\t<section class=\"elementor-section elementor-inner-section elementor-element elementor-element-2012da37 elementor-section-boxed elementor-section-height-default elementor-section-height-default\" data-id=\"2012da37\" data-element_type=\"section\" data-e-type=\"section\">\n\t\t\t\t\t\t<div class=\"elementor-container elementor-column-gap-no\">\n\t\t\t\t\t<div class=\"elementor-column elementor-col-100 elementor-inner-column elementor-element elementor-element-718a0942\" data-id=\"718a0942\" data-element_type=\"column\" data-e-type=\"column\">\n\t\t\t<div class=\"elementor-widget-wrap elementor-element-populated\">\n\t\t\t\t\t\t<div class=\"elementor-element elementor-element-4802163b elementor-widget elementor-widget-aheto_title-bar\" data-id=\"4802163b\" data-element_type=\"widget\" data-e-type=\"widget\" data-widget_type=\"aheto_title-bar.default\">\n\t\t\t\t<div class=\"elementor-widget-container\">\n\t\t\t\t\t\n<div class=\"aht-breadcrumbs--creative aheto_title-bar_69ddc14538b65 \">\n\t<div class=\"container\">\n\t\t\t\t\t\t<div class=\"row\">\n\t\t\t\t\t<ul class=\"aht-breadcrumbs\">\n\n\t\t\t\t\t\t\t\t\t\t\t\t\t\t\t<li class=\"aht-breadcrumbs__item\">\n\t\t\t\t\t\t\t\t\t\t<a href=\"#\"\n\t\t\t\t\t\t\t\t\t\t   class=\"aht-breadcrumbs__link\">HOME<\/a>\n\t\t\t\t\t\t\t\t\t<\/li>\n\t\t\t\t\t\t\t\t\n\t\t\t\t\t\t\t\t\t\t\t\t\t\t\t\t<li class=\"aht-breadcrumbs__item\">\n\t\t\t\t\t\t\t\t\t\t<a href=\"#\"\n\t\t\t\t\t\t\t\t\t\t   class=\"aht-breadcrumbs__link\">BLOG<\/a>\n\t\t\t\t\t\t\t\t\t<\/li>\n\t\t\t\t\t\t\t\t\n\t\t\t\t\t\t\t\n\t\t\t\t\t<\/ul>\n\t\t\t\t<\/div>\n\n\t\t\t\t<\/div>\n<\/div>\n\t\t\t\t<\/div>\n\t\t\t\t<\/div>\n\t\t\t\t<div class=\"elementor-element elementor-element-3f7a9f85 elementor-widget elementor-widget-aheto_heading\" data-id=\"3f7a9f85\" data-element_type=\"widget\" data-e-type=\"widget\" data-widget_type=\"aheto_heading.default\">\n\t\t\t\t<div class=\"elementor-widget-container\">\n\t\t\t\t\t\r\n<div class=\"aheto-heading aheto-heading--main  align-tablet-default align-mob-default aheto_heading_69ddc1453ba5d \">\r\n\r\n\t\r\n\t<h1 class=\"aheto-heading__title \">Blog<\/h1>\r\n<\/div>\r\n\t\t\t\t<\/div>\n\t\t\t\t<\/div>\n\t\t\t\t\t<\/div>\n\t\t<\/div>\n\t\t\t\t\t<\/div>\n\t\t<\/section>\n\t\t\t\t\t<\/div>\n\t\t<\/div>\n\t\t\t\t\t<\/div>\n\t\t<\/section>\n\t\t\t\t<section class=\"elementor-section elementor-top-section elementor-element elementor-element-d7a994b elementor-section-stretched elementor-section-boxed elementor-section-height-default elementor-section-height-default\" data-id=\"d7a994b\" data-element_type=\"section\" data-e-type=\"section\" data-settings=\"{&quot;stretch_section&quot;:&quot;section-stretched&quot;}\">\n\t\t\t\t\t\t<div class=\"elementor-container elementor-column-gap-no\">\n\t\t\t\t\t<div class=\"elementor-column elementor-col-100 elementor-top-column elementor-element elementor-element-5f521b1\" data-id=\"5f521b1\" data-element_type=\"column\" data-e-type=\"column\">\n\t\t\t<div class=\"elementor-widget-wrap elementor-element-populated\">\n\t\t\t\t\t\t<div class=\"elementor-element elementor-element-52028db elementor-widget elementor-widget-aheto_custom-post-types\" data-id=\"52028db\" data-element_type=\"widget\" data-e-type=\"widget\" data-widget_type=\"aheto_custom-post-types.default\">\n\t\t\t\t<div class=\"elementor-widget-container\">\n\t\t\t\t\t\r\n<div class=\"aheto-cpt aheto-cpt--grid js-popup-gallery aheto_custom-post-types_69ddc14543c70 \">\r\n\r\n\t<div class=\"aheto-cpt__list js-isotope\" data-cpt-id=\"aheto_cpt_67\"><div class=\"aheto-cpt-article aheto-cpt-article--size\" style = \"position: absolute;left: 0%;top: 0px;\"><\/div>\n\r\n<article class=\"aheto-cpt-article aheto-cpt-article--grid aheto-cpt-article--static aheto-cpt-article--skin-1 filter-viajes\">\r\n\r\n\t<div class=\"aheto-cpt-article__inner\">\r\n\r\n\t\t\r\n        <div class=\"aheto-cpt-article__img s-back-switch\" style=background-image:url(https:\/\/magnoliarealtyandrentals.com.mx\/wp-content\/uploads\/2026\/01\/marina-vallarta-1-optimized_standard.jpg)>\r\n\t\t\t                <a class=\"aheto-cpt-article__img-link\" href=\"https:\/\/magnoliarealtyandrentals.com.mx\/es\/las-mejores-zonas-para-alojarte-en-puerto-vallarta-durante-tus-vacaciones-guia-2026\/\"\r\n                   title=\"Las mejores zonas para alojarte en Puerto Vallarta durante tus vacaciones: Gu\u00eda 2026\"><\/a>\r\n\t\t\t        <\/div>\r\n\r\n\t\t\r\n\t\t\t\t<div class=\"aheto-cpt-article__content\">\r\n\t\t\t\t\t<div class=\"aheto-cpt-article__terms \"><a href=\"https:\/\/magnoliarealtyandrentals.com.mx\/es\/category\/viajes\/\" rel=\"tag\">VIAJES<\/a><\/div>        <time datetime=\"2026-01-08\"\r\n              class=\"aheto-cpt-article__date\">8 de enero de 2026<\/time>\r\n\t<h4 class=\"aheto-cpt-article__title\"><a title=\"Las mejores zonas para alojarte en Puerto Vallarta durante tus vacaciones: Gu\u00eda 2026\" href=\"https:\/\/magnoliarealtyandrentals.com.mx\/es\/las-mejores-zonas-para-alojarte-en-puerto-vallarta-durante-tus-vacaciones-guia-2026\/\">Las mejores zonas para alojarte en Puerto Vallarta durante tus vacaciones: Gu\u00eda 2026<\/a><\/h4>\r\n        <div class=\"aheto-cpt-article__excerpt\">\r\n\t\t\t<p>Puerto Vallarta sigue siendo uno de los principales destinos de M\u00e9xico, que combina el encanto tradicional con el lujo moderno. Seg\u00fan datos recientes de la Secretar\u00eda de Turismo (SECTUR ) y del INEGI, Puerto Vallarta &#8230;<\/p>\n        <\/div>\r\n\t        <div class=\"aheto-cpt-article__btn-wrap\">\r\n            <a href=\"https:\/\/magnoliarealtyandrentals.com.mx\/es\/las-mejores-zonas-para-alojarte-en-puerto-vallarta-durante-tus-vacaciones-guia-2026\/\"\r\n               class=\"aheto-cpt-article__btn aheto-link aheto-btn--primary\">Leer el post completo<\/a>\r\n        <\/div>\r\n\t\t\t\t\t<\/div>\r\n\r\n\t\t\t\t\r\n\t<\/div>\r\n\r\n<\/article>\r\n\r\n\n\r\n<article class=\"aheto-cpt-article aheto-cpt-article--grid aheto-cpt-article--static aheto-cpt-article--skin-1 filter-viajes\">\r\n\r\n\t<div class=\"aheto-cpt-article__inner\">\r\n\r\n\t\t\r\n        <div class=\"aheto-cpt-article__img s-back-switch\" style=background-image:url(https:\/\/magnoliarealtyandrentals.com.mx\/wp-content\/uploads\/2025\/10\/46_ft_Yacht_charters_in_Puerto_Vallarta_Mexico_2019_3_.jpg)>\r\n\t\t\t                <a class=\"aheto-cpt-article__img-link\" href=\"https:\/\/magnoliarealtyandrentals.com.mx\/es\/descubra-aventura-relajacion-y-belleza-en-puerto-vallarta\/\"\r\n                   title=\"Descubra aventura, relajaci\u00f3n y belleza en Puerto Vallarta\"><\/a>\r\n\t\t\t        <\/div>\r\n\r\n\t\t\r\n\t\t\t\t<div class=\"aheto-cpt-article__content\">\r\n\t\t\t\t\t<div class=\"aheto-cpt-article__terms \"><a href=\"https:\/\/magnoliarealtyandrentals.com.mx\/es\/category\/viajes\/\" rel=\"tag\">VIAJES<\/a><\/div>        <time datetime=\"2025-10-15\"\r\n              class=\"aheto-cpt-article__date\">15 de octubre de 2025<\/time>\r\n\t<h4 class=\"aheto-cpt-article__title\"><a title=\"Descubra aventura, relajaci\u00f3n y belleza en Puerto Vallarta\" href=\"https:\/\/magnoliarealtyandrentals.com.mx\/es\/descubra-aventura-relajacion-y-belleza-en-puerto-vallarta\/\">Descubra aventura, relajaci\u00f3n y belleza en Puerto Vallarta<\/a><\/h4>\r\n        <div class=\"aheto-cpt-article__excerpt\">\r\n\t\t\t<p>Tanto si es amante de la naturaleza, entusiasta de la cultura o adicto a la adrenalina, este destino ofrece actividades que le dejar\u00e1n recuerdos inolvidables.<\/p>\n        <\/div>\r\n\t        <div class=\"aheto-cpt-article__btn-wrap\">\r\n            <a href=\"https:\/\/magnoliarealtyandrentals.com.mx\/es\/descubra-aventura-relajacion-y-belleza-en-puerto-vallarta\/\"\r\n               class=\"aheto-cpt-article__btn aheto-link aheto-btn--primary\">Leer el post completo<\/a>\r\n        <\/div>\r\n\t\t\t\t\t<\/div>\r\n\r\n\t\t\t\t\r\n\t<\/div>\r\n\r\n<\/article>\r\n\r\n\n\r\n<article class=\"aheto-cpt-article aheto-cpt-article--grid aheto-cpt-article--static aheto-cpt-article--skin-1 filter-viajes\">\r\n\r\n\t<div class=\"aheto-cpt-article__inner\">\r\n\r\n\t\t\r\n        <div class=\"aheto-cpt-article__img s-back-switch\" style=background-image:url(https:\/\/magnoliarealtyandrentals.com.mx\/wp-content\/uploads\/2020\/08\/ven-y-deja-que-nuestro.jpg)>\r\n\t\t\t                <a class=\"aheto-cpt-article__img-link\" href=\"https:\/\/magnoliarealtyandrentals.com.mx\/es\/restaurantes-de-alta-cocina-en-puerto-vallarta\/\"\r\n                   title=\"Restaurantes de alta cocina en Puerto Vallarta\"><\/a>\r\n\t\t\t        <\/div>\r\n\r\n\t\t\r\n\t\t\t\t<div class=\"aheto-cpt-article__content\">\r\n\t\t\t\t\t<div class=\"aheto-cpt-article__terms \"><a href=\"https:\/\/magnoliarealtyandrentals.com.mx\/es\/category\/viajes\/\" rel=\"tag\">VIAJES<\/a><\/div>        <time datetime=\"2025-08-10\"\r\n              class=\"aheto-cpt-article__date\">10 de agosto de 2025<\/time>\r\n\t<h4 class=\"aheto-cpt-article__title\"><a title=\"Restaurantes de alta cocina en Puerto Vallarta\" href=\"https:\/\/magnoliarealtyandrentals.com.mx\/es\/restaurantes-de-alta-cocina-en-puerto-vallarta\/\">Restaurantes de alta cocina en Puerto Vallarta<\/a><\/h4>\r\n        <div class=\"aheto-cpt-article__excerpt\">\r\n\t\t\t<p>Puerto Vallarta ofrece una amplia variedad de restaurantes de alta cocina donde puede celebrar un aniversario o evento especial.<\/p>\n        <\/div>\r\n\t        <div class=\"aheto-cpt-article__btn-wrap\">\r\n            <a href=\"https:\/\/magnoliarealtyandrentals.com.mx\/es\/restaurantes-de-alta-cocina-en-puerto-vallarta\/\"\r\n               class=\"aheto-cpt-article__btn aheto-link aheto-btn--primary\">Leer el post completo<\/a>\r\n        <\/div>\r\n\t\t\t\t\t<\/div>\r\n\r\n\t\t\t\t\r\n\t<\/div>\r\n\r\n<\/article>\r\n\r\n\n\r\n<article class=\"aheto-cpt-article aheto-cpt-article--grid aheto-cpt-article--static aheto-cpt-article--skin-1 filter-viajes\">\r\n\r\n\t<div class=\"aheto-cpt-article__inner\">\r\n\r\n\t\t\r\n        <div class=\"aheto-cpt-article__img s-back-switch\" style=background-image:url(https:\/\/magnoliarealtyandrentals.com.mx\/wp-content\/uploads\/2025\/10\/11150609.jpeg)>\r\n\t\t\t                <a class=\"aheto-cpt-article__img-link\" href=\"https:\/\/magnoliarealtyandrentals.com.mx\/es\/explore-las-playas-de-puerto-vallarta\/\"\r\n                   title=\"Explore las playas de Puerto Vallarta\"><\/a>\r\n\t\t\t        <\/div>\r\n\r\n\t\t\r\n\t\t\t\t<div class=\"aheto-cpt-article__content\">\r\n\t\t\t\t\t<div class=\"aheto-cpt-article__terms \"><a href=\"https:\/\/magnoliarealtyandrentals.com.mx\/es\/category\/viajes\/\" rel=\"tag\">VIAJES<\/a><\/div>        <time datetime=\"2025-08-10\"\r\n              class=\"aheto-cpt-article__date\">10 de agosto de 2025<\/time>\r\n\t<h4 class=\"aheto-cpt-article__title\"><a title=\"Explore las playas de Puerto Vallarta\" href=\"https:\/\/magnoliarealtyandrentals.com.mx\/es\/explore-las-playas-de-puerto-vallarta\/\">Explore las playas de Puerto Vallarta<\/a><\/h4>\r\n        <div class=\"aheto-cpt-article__excerpt\">\r\n\t\t\t<p>Puerto Vallarta es un para\u00edso costero con playas perfectas para relajarse y tomar el sol.<\/p>\n        <\/div>\r\n\t        <div class=\"aheto-cpt-article__btn-wrap\">\r\n            <a href=\"https:\/\/magnoliarealtyandrentals.com.mx\/es\/explore-las-playas-de-puerto-vallarta\/\"\r\n               class=\"aheto-cpt-article__btn aheto-link aheto-btn--primary\">Leer el post completo<\/a>\r\n        <\/div>\r\n\t\t\t\t\t<\/div>\r\n\r\n\t\t\t\t\r\n\t<\/div>\r\n\r\n<\/article>\r\n\r\n<\/div>\r\n<\/div>\r\n\t\t\t\t<\/div>\n\t\t\t\t<\/div>\n\t\t\t\t\t<\/div>\n\t\t<\/div>\n\t\t\t\t\t<\/div>\n\t\t<\/section>\n\t\t\t\t<section class=\"elementor-section elementor-top-section elementor-element elementor-element-d9cd672 elementor-section-stretched elementor-section-full_width elementor-section-height-default elementor-section-height-default\" data-id=\"d9cd672\" data-element_type=\"section\" data-e-type=\"section\" data-settings=\"{&quot;stretch_section&quot;:&quot;section-stretched&quot;,&quot;background_background&quot;:&quot;classic&quot;}\">\n\t\t\t\t\t\t\t<div class=\"elementor-background-overlay\"><\/div>\n\t\t\t\t\t\t\t<div class=\"elementor-container elementor-column-gap-no\">\n\t\t\t\t\t<div class=\"elementor-column elementor-col-100 elementor-top-column elementor-element elementor-element-6d7cc67\" data-id=\"6d7cc67\" data-element_type=\"column\" data-e-type=\"column\" data-settings=\"{&quot;background_background&quot;:&quot;classic&quot;}\">\n\t\t\t<div class=\"elementor-widget-wrap elementor-element-populated\">\n\t\t\t\t\t<div class=\"elementor-background-overlay\"><\/div>\n\t\t\t\t\t\t<div class=\"elementor-element elementor-element-16d6cd4 elementor-widget__width-initial elementor-invisible elementor-widget elementor-widget-aheto_heading\" data-id=\"16d6cd4\" data-element_type=\"widget\" data-e-type=\"widget\" data-settings=\"{&quot;_animation&quot;:&quot;fadeInUp&quot;}\" data-widget_type=\"aheto_heading.default\">\n\t\t\t\t<div class=\"elementor-widget-container\">\n\t\t\t\t\t\r\n<div class=\"aheto-heading aheto-heading--main  align-tablet-default align-mob-default aheto_heading_69ddc1454aba1 \">\r\n\r\n\t\r\n\t<h4 class=\"aheto-heading__title \">More than a rental \u2014 a <span>Magnolia<\/span> experience.<\/h4>\r\n<\/div>\r\n\t\t\t\t<\/div>\n\t\t\t\t<\/div>\n\t\t\t\t<div class=\"elementor-element elementor-element-e4f1633 elementor-widget__width-initial elementor-invisible elementor-widget elementor-widget-aheto_button\" data-id=\"e4f1633\" data-element_type=\"widget\" data-e-type=\"widget\" data-settings=\"{&quot;_animation&quot;:&quot;fadeInUp&quot;}\" data-widget_type=\"aheto_button.default\">\n\t\t\t\t<div class=\"elementor-widget-container\">\n\t\t\t\t\t<div class=\"aheto_button_69ddc1454b44d  \">\r\n\t<div class=\"aheto-btn-container  tablet- mobile-\">\r\n\r\n\t\t<a href='https:\/\/snapster.foxthemes.me\/contact' class='cs-btn  aheto-btn--light snapster_layout3' target='_self' aria-label='LET&#039;S COLLABORATE!'>LET&#039;S COLLABORATE!<\/a>\r\n\t<\/div>\r\n<\/div>\r\n\t\t\t\t<\/div>\n\t\t\t\t<\/div>\n\t\t\t\t\t<\/div>\n\t\t<\/div>\n\t\t\t\t\t<\/div>\n\t\t<\/section>\n\t\t\t\t<\/div>\n\t\t","protected":false},"excerpt":{"rendered":"<p>HOME BLOG Blog TRAVEL octubre 15, 2025 Best Trails For Shooting. But I must explain to you how all this mistaken idea of denouncing pleasure and praising pain was born and I will give you a complete. Read full post TRAVEL agosto 10, 2020 The Beauty In The Silence. On the other hand, we denounce &#8230;<\/p>\n","protected":false},"author":1,"featured_media":0,"parent":0,"menu_order":0,"comment_status":"closed","ping_status":"closed","template":"aheto_canvas","meta":{"footnotes":""},"class_list":["post-23521","page","type-page","status-publish","hentry"],"featured_image_src":"","featured_image_src_square":"","_links":{"self":[{"href":"https:\/\/magnoliarealtyandrentals.com.mx\/es\/wp-json\/wp\/v2\/pages\/23521","targetHints":{"allow":["GET"]}}],"collection":[{"href":"https:\/\/magnoliarealtyandrentals.com.mx\/es\/wp-json\/wp\/v2\/pages"}],"about":[{"href":"https:\/\/magnoliarealtyandrentals.com.mx\/es\/wp-json\/wp\/v2\/types\/page"}],"author":[{"embeddable":true,"href":"https:\/\/magnoliarealtyandrentals.com.mx\/es\/wp-json\/wp\/v2\/users\/1"}],"replies":[{"embeddable":true,"href":"https:\/\/magnoliarealtyandrentals.com.mx\/es\/wp-json\/wp\/v2\/comments?post=23521"}],"version-history":[{"count":2,"href":"https:\/\/magnoliarealtyandrentals.com.mx\/es\/wp-json\/wp\/v2\/pages\/23521\/revisions"}],"predecessor-version":[{"id":23525,"href":"https:\/\/magnoliarealtyandrentals.com.mx\/es\/wp-json\/wp\/v2\/pages\/23521\/revisions\/23525"}],"wp:attachment":[{"href":"https:\/\/magnoliarealtyandrentals.com.mx\/es\/wp-json\/wp\/v2\/media?parent=23521"}],"curies":[{"name":"wp","href":"https:\/\/api.w.org\/{rel}","templated":true}]}}